{"id":29,"date":"2024-07-25T23:21:36","date_gmt":"2024-07-25T23:21:36","guid":{"rendered":"https:\/\/legalbl.com\/?page_id=29"},"modified":"2024-08-05T03:46:35","modified_gmt":"2024-08-05T03:46:35","slug":"contacto","status":"publish","type":"page","link":"https:\/\/legalbl.com\/index.php\/inicio-bojorquez-lopez-abogados\/contacto\/","title":{"rendered":"Contacto"},"content":{"rendered":"\n<div class=\"wp-block-group alignfull has-base-2-background-color has-background is-vertical is-content-justification-stretch is-layout-flex wp-container-core-group-is-layout-10cce88d wp-block-group-is-layout-flex\" style=\"min-height:100vh;margin-top:0;margin-bottom:0;padding-top:var(--wp--preset--spacing--60);padding-right:var(--wp--preset--spacing--50);padding-bottom:var(--wp--preset--spacing--60);padding-left:var(--wp--preset--spacing--50)\">\n<div class=\"wp-block-group has-global-padding is-layout-constrained wp-block-group-is-layout-constrained\">\n<p class=\"has-text-align-center has-contrast-color has-text-color has-link-color has-large-font-size wp-elements-2104207671c751f22babb801a66b5c8e\">Calle \u00c1ngel Mart\u00ednez Villarreal, n\u00famero 637, Interior S4, Colonia Chepevera, en Monterrey, Nuevo Le\u00f3n.<\/p>\n\n\n\n<ul class=\"wp-block-list\">\n<li>Telefono: 81 4770 1879<\/li>\n\n\n\n<li>Whatsapp: 8111782036<\/li>\n<\/ul>\n\n\n\n<ul class=\"wp-block-list\">\n<li>mabojorquez@legalbl.com<\/li>\n\n\n\n<li>erickscott@legalbl.com<\/li>\n<\/ul>\n<\/div>\n\n\n\n<ul class=\"wp-block-social-links is-content-justification-center is-layout-flex wp-container-core-social-links-is-layout-a89b3969 wp-block-social-links-is-layout-flex\"><li class=\"wp-social-link wp-social-link-facebook  wp-block-social-link\"><a href=\"https:\/\/www.facebook.com\/profile.php?id=61563169469209\" class=\"wp-block-social-link-anchor\"><svg width=\"24\" height=\"24\" viewBox=\"0 0 24 24\" version=\"1.1\" xmlns=\"http:\/\/www.w3.org\/2000\/svg\" aria-hidden=\"true\" focusable=\"false\"><path d=\"M12 2C6.5 2 2 6.5 2 12c0 5 3.7 9.1 8.4 9.9v-7H7.9V12h2.5V9.8c0-2.5 1.5-3.9 3.8-3.9 1.1 0 2.2.2 2.2.2v2.5h-1.3c-1.2 0-1.6.8-1.6 1.6V12h2.8l-.4 2.9h-2.3v7C18.3 21.1 22 17 22 12c0-5.5-4.5-10-10-10z\"><\/path><\/svg><span class=\"wp-block-social-link-label screen-reader-text\">Facebook<\/span><\/a><\/li><\/ul>\n<\/div>\n","protected":false},"excerpt":{"rendered":"<p>Calle \u00c1ngel Mart\u00ednez Villarreal, n\u00famero 637, Interior S4, Colonia Chepevera, en Monterrey, Nuevo Le\u00f3n.<\/p>\n","protected":false},"author":1,"featured_media":20,"parent":2,"menu_order":0,"comment_status":"closed","ping_status":"closed","template":"","meta":{"footnotes":""},"class_list":["post-29","page","type-page","status-publish","has-post-thumbnail","hentry"],"_links":{"self":[{"href":"https:\/\/legalbl.com\/index.php\/wp-json\/wp\/v2\/pages\/29","targetHints":{"allow":["GET"]}}],"collection":[{"href":"https:\/\/legalbl.com\/index.php\/wp-json\/wp\/v2\/pages"}],"about":[{"href":"https:\/\/legalbl.com\/index.php\/wp-json\/wp\/v2\/types\/page"}],"author":[{"embeddable":true,"href":"https:\/\/legalbl.com\/index.php\/wp-json\/wp\/v2\/users\/1"}],"replies":[{"embeddable":true,"href":"https:\/\/legalbl.com\/index.php\/wp-json\/wp\/v2\/comments?post=29"}],"version-history":[{"count":8,"href":"https:\/\/legalbl.com\/index.php\/wp-json\/wp\/v2\/pages\/29\/revisions"}],"predecessor-version":[{"id":61,"href":"https:\/\/legalbl.com\/index.php\/wp-json\/wp\/v2\/pages\/29\/revisions\/61"}],"up":[{"embeddable":true,"href":"https:\/\/legalbl.com\/index.php\/wp-json\/wp\/v2\/pages\/2"}],"wp:featuredmedia":[{"embeddable":true,"href":"https:\/\/legalbl.com\/index.php\/wp-json\/wp\/v2\/media\/20"}],"wp:attachment":[{"href":"https:\/\/legalbl.com\/index.php\/wp-json\/wp\/v2\/media?parent=29"}],"curies":[{"name":"wp","href":"https:\/\/api.w.org\/{rel}","templated":true}]}}